{"id":2,"date":"2026-02-14T11:33:16","date_gmt":"2026-02-14T11:33:16","guid":{"rendered":"https:\/\/www.nakliyatciariyorum.com.tr\/ofisnakliye\/?page_id=2"},"modified":"2026-02-14T20:08:35","modified_gmt":"2026-02-14T20:08:35","slug":"iletisim","status":"publish","type":"page","link":"https:\/\/www.nakliyatciariyorum.com.tr\/ofisnakliye\/iletisim","title":{"rendered":"\u0130leti\u015fim"},"content":{"rendered":"\n<ul class=\"wp-block-list\">\n<li>Merkez: Selahattin P\u0131nar Cad. No: 13 Mecidiyek\u00f6y \u2013 \u015e\u0130\u015eL\u0130 \u2013 \u0130STANBUL<\/li>\n\n\n\n<li>\u0130leti\u015fim: +90 545 848 83 55<\/li>\n<\/ul>\n\n\n\n<figure class=\"wp-block-image size-full is-resized\"><img loading=\"lazy\" decoding=\"async\" width=\"512\" height=\"456\" src=\"https:\/\/www.nakliyatciariyorum.com.tr\/ofisnakliye\/wp-content\/uploads\/2026\/02\/istanbul-ofis-tasima-nakliye-firmalari-iletisim-telefonu.png\" alt=\"istanbul ofis ta\u015f\u0131ma nakliye firmalar\u0131 ileti\u015fim telefonu\" class=\"wp-image-108\" style=\"width:458px;height:auto\" srcset=\"https:\/\/www.nakliyatciariyorum.com.tr\/ofisnakliye\/wp-content\/uploads\/2026\/02\/istanbul-ofis-tasima-nakliye-firmalari-iletisim-telefonu.png 512w, https:\/\/www.nakliyatciariyorum.com.tr\/ofisnakliye\/wp-content\/uploads\/2026\/02\/istanbul-ofis-tasima-nakliye-firmalari-iletisim-telefonu-300x267.png 300w\" sizes=\"auto, (max-width: 512px) 100vw, 512px\" \/><\/figure>\n\n\n\n<p>\u0130stanbul ofis ta\u015f\u0131ma nakliye firmalar\u0131 olarak haftan\u0131n her g\u00fcn\u00fc h\u0131zl\u0131 ve g\u00fcvenli hizmet sunuyoruz. \u0130stanbul ofis nakliye firmas\u0131 deneyimli ekip ve modern ara\u00e7larla e\u015fyalar\u0131n\u0131z\u0131 sorunsuz ta\u015f\u0131r. Asans\u00f6rl\u00fc ve sigortal\u0131 ta\u015f\u0131ma se\u00e7eneklerimiz ile ofis mobilyalar\u0131, bilgisayarlar ve ar\u015fiv dosyalar\u0131n\u0131z g\u00fcvence alt\u0131nda ta\u015f\u0131n\u0131r. Hemen aray\u0131n ve ta\u015f\u0131nman\u0131z\u0131 stressiz tamamlay\u0131n: +90 545 848 83 55<\/p>\n","protected":false},"excerpt":{"rendered":"<p>\u0130stanbul ofis ta\u015f\u0131ma nakliye firmalar\u0131 olarak haftan\u0131n her g\u00fcn\u00fc h\u0131zl\u0131 ve g\u00fcvenli hizmet sunuyoruz. \u0130stanbul [&hellip;]<\/p>\n","protected":false},"author":1,"featured_media":0,"parent":0,"menu_order":0,"comment_status":"closed","ping_status":"open","template":"","meta":{"footnotes":""},"class_list":["post-2","page","type-page","status-publish","hentry"],"_links":{"self":[{"href":"https:\/\/www.nakliyatciariyorum.com.tr\/ofisnakliye\/wp-json\/wp\/v2\/pages\/2","targetHints":{"allow":["GET"]}}],"collection":[{"href":"https:\/\/www.nakliyatciariyorum.com.tr\/ofisnakliye\/wp-json\/wp\/v2\/pages"}],"about":[{"href":"https:\/\/www.nakliyatciariyorum.com.tr\/ofisnakliye\/wp-json\/wp\/v2\/types\/page"}],"author":[{"embeddable":true,"href":"https:\/\/www.nakliyatciariyorum.com.tr\/ofisnakliye\/wp-json\/wp\/v2\/users\/1"}],"replies":[{"embeddable":true,"href":"https:\/\/www.nakliyatciariyorum.com.tr\/ofisnakliye\/wp-json\/wp\/v2\/comments?post=2"}],"version-history":[{"count":5,"href":"https:\/\/www.nakliyatciariyorum.com.tr\/ofisnakliye\/wp-json\/wp\/v2\/pages\/2\/revisions"}],"predecessor-version":[{"id":109,"href":"https:\/\/www.nakliyatciariyorum.com.tr\/ofisnakliye\/wp-json\/wp\/v2\/pages\/2\/revisions\/109"}],"wp:attachment":[{"href":"https:\/\/www.nakliyatciariyorum.com.tr\/ofisnakliye\/wp-json\/wp\/v2\/media?parent=2"}],"curies":[{"name":"wp","href":"https:\/\/api.w.org\/{rel}","templated":true}]}}